{"id":1308,"date":"2018-04-03T05:20:05","date_gmt":"2018-04-03T05:20:05","guid":{"rendered":"http:\/\/aprebaume.nibirulite.com\/?page_id=1308"},"modified":"2018-09-11T09:34:47","modified_gmt":"2018-09-11T09:34:47","slug":"free-credit-report-2","status":"publish","type":"page","link":"https:\/\/apruebame.com\/es\/free-credit-report-2\/","title":{"rendered":"Tu reporte de Cr\u00e9dito"},"content":{"rendered":"\n<div class=\"wpcf7 no-js\" id=\"wpcf7-f2507-o1\" lang=\"en-US\" dir=\"ltr\">\n<div class=\"screen-reader-response\"><p role=\"status\" aria-live=\"polite\" aria-atomic=\"true\"><\/p> <ul><\/ul><\/div>\n<form action=\"\/es\/wp-json\/wp\/v2\/pages\/1308#wpcf7-f2507-o1\" method=\"post\" class=\"wpcf7-form init\" aria-label=\"Contact form\" novalidate=\"novalidate\" data-status=\"init\">\n<div style=\"display: none;\">\n<input type=\"hidden\" name=\"_wpcf7\" value=\"2507\" \/>\n<input type=\"hidden\" name=\"_wpcf7_version\" value=\"5.8\" \/>\n<input type=\"hidden\" name=\"_wpcf7_locale\" value=\"en_US\" \/>\n<input type=\"hidden\" name=\"_wpcf7_unit_tag\" value=\"wpcf7-f2507-o1\" \/>\n<input type=\"hidden\" name=\"_wpcf7_container_post\" value=\"0\" \/>\n<input type=\"hidden\" name=\"_wpcf7_posted_data_hash\" value=\"\" \/>\n<input type=\"hidden\" name=\"_wpcf7_recaptcha_response\" value=\"\" \/>\n<\/div>\n<div class=\"col-lg-12\">\n\t<div class=\"form-group col-lg-6\">\n\t\t<p><span class=\"wpcf7-form-control-wrap\" data-name=\"FirstName\"><input size=\"40\" class=\"wpcf7-form-control wpcf7-text wpcf7-validates-as-required form-control\" id=\"usr\" aria-required=\"true\" aria-invalid=\"false\" placeholder=\"Nombre\" value=\"\" type=\"text\" name=\"FirstName\" \/><\/span>\n\t\t<\/p>\n\t<\/div>\n\t<div class=\"form-group col-lg-6\">\n\t\t<p><span class=\"wpcf7-form-control-wrap\" data-name=\"Last\"><input size=\"40\" class=\"wpcf7-form-control wpcf7-text wpcf7-validates-as-required form-control\" id=\"last_name\" aria-required=\"true\" aria-invalid=\"false\" placeholder=\"Apellido\" value=\"\" type=\"text\" name=\"Last\" \/><\/span>\n\t\t<\/p>\n\t<\/div>\n<\/div>\n<div class=\"col-lg-12\">\n\t<div class=\"form-group col-lg-12\">\n\t\t<p><span class=\"wpcf7-form-control-wrap\" data-name=\"Address\"><input size=\"40\" class=\"wpcf7-form-control wpcf7-text wpcf7-validates-as-required form-control\" id=\"address\" aria-required=\"true\" aria-invalid=\"false\" placeholder=\"Direcci\u00f3n\" value=\"\" type=\"text\" name=\"Address\" \/><\/span>\n\t\t<\/p>\n\t<\/div>\n<\/div>\n<div class=\"col-lg-12\">\n\t<div class=\"form-group col-lg-6\">\n\t\t<p><span class=\"wpcf7-form-control-wrap\" data-name=\"Cty\"><input size=\"40\" class=\"wpcf7-form-control wpcf7-text wpcf7-validates-as-required form-control\" id=\"city\" aria-required=\"true\" aria-invalid=\"false\" placeholder=\"Ciudad\" value=\"\" type=\"text\" name=\"Cty\" \/><\/span>\n\t\t<\/p>\n\t<\/div>\n\t<div class=\"form-group col-lg-3\">\n\t\t<p><select name=\"State\" id=\"State\" title=\"State\" autocomplete=\"address-level1\" required=\"\" aria-required=\"true\">\n\t<option value=\"\">Estado<\/option>\n\t<option value=\"AL\">Alabama<\/option>\n\t<option value=\"AK\">Alaska<\/option>\n\t<option value=\"AZ\">Arizona<\/option>\n\t<option value=\"AR\">Arkansas<\/option>\n\t<option value=\"CA\">California<\/option>\n\t<option value=\"CO\">Colorado<\/option>\n\t<option value=\"CT\">Connecticut<\/option>\n\t<option value=\"DE\">Delaware<\/option>\n\t<option value=\"DC\">District of Columbia<\/option>\n\t<option value=\"FL\">Florida<\/option>\n\t<option value=\"GA\">Georgia<\/option>\n\t<option value=\"HI\">Hawaii<\/option>\n\t<option value=\"ID\">Idaho<\/option>\n\t<option value=\"IL\">Illinois<\/option>\n\t<option value=\"IN\">Indiana<\/option>\n\t<option value=\"IA\">Iowa<\/option>\n\t<option value=\"KS\">Kansas<\/option>\n\t<option value=\"KY\">Kentucky<\/option>\n\t<option value=\"LA\">Louisiana<\/option>\n\t<option value=\"ME\">Maine<\/option>\n\t<option value=\"MD\">Maryland<\/option>\n\t<option value=\"MA\">Massachusetts<\/option>\n\t<option value=\"MI\">Michigan<\/option>\n\t<option value=\"MN\">Minnesota<\/option>\n\t<option value=\"MS\">Mississippi<\/option>\n\t<option value=\"MO\">Missouri<\/option>\n\t<option value=\"MT\">Montana<\/option>\n\t<option value=\"NE\">Nebraska<\/option>\n\t<option value=\"NV\">Nevada<\/option>\n\t<option value=\"NH\">New Hampshire<\/option>\n\t<option value=\"NJ\">New Jersey<\/option>\n\t<option value=\"NM\">New Mexico<\/option>\n\t<option value=\"NY\">New York<\/option>\n\t<option value=\"NC\">North Carolina<\/option>\n\t<option value=\"ND\">North Dakota<\/option>\n\t<option value=\"OH\">Ohio<\/option>\n\t<option value=\"OK\">Oklahoma<\/option>\n\t<option value=\"OR\">Oregon<\/option>\n\t<option value=\"PA\">Pennsylvania<\/option>\n\t<option value=\"RI\">Rhode Island<\/option>\n\t<option value=\"SC\">South Carolina<\/option>\n\t<option value=\"SD\">South Dakota<\/option>\n\t<option value=\"TN\">Tennessee<\/option>\n\t<option value=\"TX\">Texas<\/option>\n\t<option value=\"UT\">Utah<\/option>\n\t<option value=\"VT\">Vermont<\/option>\n\t<option value=\"VA\">Virginia<\/option>\n\t<option value=\"WA\">Washington<\/option>\n\t<option value=\"WV\">West Virginia<\/option>\n\t<option value=\"WI\">Wisconsin<\/option>\n\t<option value=\"WY\">Wyoming<\/option>\n<\/select>\n\t\t<\/p>\n\t<\/div>\n\t<div class=\"form-group col-lg-3\">\n\t\t<p><span class=\"wpcf7-form-control-wrap\" data-name=\"ZipCode\"><input size=\"40\" class=\"wpcf7-form-control wpcf7-text wpcf7-validates-as-required form-control\" id=\"zip_code\" aria-required=\"true\" aria-invalid=\"false\" placeholder=\"C\u00f3digo\" value=\"\" type=\"text\" name=\"ZipCode\" \/><\/span>\n\t\t<\/p>\n\t<\/div>\n<\/div>\n<div class=\"col-lg-12\">\n\t<div class=\"form-group col-lg-6\">\n\t\t<div id=\"su-DoB\" class=\"q-wrap q-clear q-DatePicker q-Flat\">\n\t\t\t<p><label for=\"MainContent_txtBirthDate\">Fecha de Nacimiento<\/label>\n\t\t\t<\/p>\n\t\t\t<p><span class=\"wpcf7-form-control-wrap\" data-name=\"ctl00MainContenttxtBirthDate\"><input class=\"wpcf7-form-control wpcf7-date wpcf7-validates-as-required wpcf7-validates-as-date q-wrap q-clear q-DatePicker q-Flat\" id=\"MainContent_txtBirthDate\" aria-required=\"true\" aria-invalid=\"false\" value=\"mm\/dd\/yyyy\" type=\"date\" name=\"ctl00MainContenttxtBirthDate\" \/><\/span><br \/>\n<span id=\"MainContent_rfvBirthDate\" class=\"attn\" style=\"display:none;\">Date of Birth is required.<\/span><span id=\"MainContent_rexBirthDate\" class=\"attn\" style=\"display:none;\">Date format must be MM\/DD\/YYYY<\/span>\n\t\t\t<\/p>\n\t\t<\/div>\n\t<\/div>\n\t<div class=\"form-group col-lg-6\">\n\t\t<div class=\"q-wrap q-SsnLast4 q-Flat\">\n\t\t\t<p><label for=\"MainContent_txtSSN\">\u00daltimos 4 n\u00fameros de tu seguro social<\/label>\n\t\t\t<\/p>\n\t\t\t<p><span style=\"white-space: nowrap;\"><span>XXX&nbsp;-&nbsp;XX&nbsp;-&nbsp;<\/span><span class=\"wpcf7-form-control-wrap\" data-name=\"ctl00MainContenttxtSSN\"><input size=\"40\" class=\"wpcf7-form-control wpcf7-text wpcf7-validates-as-required q-wrap q-SsnLast4 q-Flat\" id=\"MainContent_txtSSN\" aria-required=\"true\" aria-invalid=\"false\" value=\"\" type=\"text\" name=\"ctl00MainContenttxtSSN\" \/><\/span><\/span><br \/>\n<span id=\"MainContent_rfvSSN\" class=\"attn\" style=\"display:none;\">SSN is required.<\/span><span id=\"MainContent_rexSSN\" class=\"attn\" style=\"display:none;\">Invalid SSN<\/span>\n\t\t\t<\/p>\n\t\t<\/div>\n\t<\/div>\n<\/div>\n<div class=\"col-lg-12\">\n\t<div class=\"form-group col-lg-12\">\n\t\t<p><span class=\"wpcf7-form-control-wrap\" data-name=\"E-mailAddress\"><input size=\"40\" class=\"wpcf7-form-control wpcf7-email wpcf7-validates-as-required wpcf7-text wpcf7-validates-as-email form-control\" id=\"e-mail\" aria-required=\"true\" aria-invalid=\"false\" value=\"Correo electr\u00f3nico\" type=\"email\" name=\"E-mailAddress\" \/><\/span>\n\t\t<\/p>\n\t<\/div>\n<\/div>\n<div class=\"form-check-inline col-lg-12\">\n\t<p>\u00bfTienes una cuenta de cheques activa o una cuenta de ahorros?\n\t<\/p>\n\t<p><span class=\"wpcf7-form-control-wrap\" data-name=\"radio-961\"><span class=\"wpcf7-form-control wpcf7-radio\"><span class=\"wpcf7-list-item first\"><label><input type=\"radio\" name=\"radio-961\" value=\"SI\" checked=\"checked\" \/><span class=\"wpcf7-list-item-label\">SI<\/span><\/label><\/span><span class=\"wpcf7-list-item last\"><label><input type=\"radio\" name=\"radio-961\" value=\"NO\" \/><span class=\"wpcf7-list-item-label\">NO<\/span><\/label><\/span><\/span><\/span>\n\t<\/p>\n<\/div>\n<div class=\"form-group col-lg-12 form-check\">\n\t<p><label class=\"form-check-label\"><br \/>\n<\/label>\n\t<\/p>\n\t<div class=\"col-lg-1\">\n\t\t<p><input class=\"form-check-input\" type=\"checkbox\" name=\"clicking\" \/>\n\t\t<\/p>\n\t<\/div>\n\t<div class=\"col-lg-11\">\n\t\t<p>Al hacer clic en \"Enviar\", acepto los T\u00e9rminos de uso y la Pol\u00edtica de privacidad de APC, LLC. Apruebame y autorizo \u200b\u200ba apruebame.com a comunicar la informaci\u00f3n de identificaci\u00f3n personal que he proporcionado a una agencia de informes de cr\u00e9dito para recibir la informaci\u00f3n de mi informe de consumidor. Autorizo \u200b\u200ba apruebame.com a utilizar mi informaci\u00f3n, incluido el puntaje de cr\u00e9dito, para determinar qu\u00e9 productos de cr\u00e9dito podr\u00edan estar disponibles para m\u00ed en funci\u00f3n de la informaci\u00f3n de cr\u00e9dito puesta a disposici\u00f3n por la agencia de informes crediticios. Entiendo que este puntaje no es utilizado \u00fanicamente por los prestamistas para determinar la solvencia crediticia.\n\t\t<\/p>\n\t<\/div>\n<\/div>\n<p><input class=\"wpcf7-form-control wpcf7-submit has-spinner btn btn-primary\" type=\"submit\" value=\"Enviar\" \/>\n<\/p><input type='hidden' class='wpcf7-pum' value='{\"closepopup\":false,\"closedelay\":0,\"openpopup\":false,\"openpopup_id\":0}' \/><div class=\"wpcf7-response-output\" aria-hidden=\"true\"><\/div>\n<\/form>\n<\/div>\n\n","protected":false},"excerpt":{"rendered":"","protected":false},"author":1,"featured_media":0,"parent":0,"menu_order":0,"comment_status":"closed","ping_status":"closed","template":"page-credit-report.php","meta":{"footnotes":""},"acf":[],"aioseo_notices":[],"_links":{"self":[{"href":"https:\/\/apruebame.com\/es\/wp-json\/wp\/v2\/pages\/1308"}],"collection":[{"href":"https:\/\/apruebame.com\/es\/wp-json\/wp\/v2\/pages"}],"about":[{"href":"https:\/\/apruebame.com\/es\/wp-json\/wp\/v2\/types\/page"}],"author":[{"embeddable":true,"href":"https:\/\/apruebame.com\/es\/wp-json\/wp\/v2\/users\/1"}],"replies":[{"embeddable":true,"href":"https:\/\/apruebame.com\/es\/wp-json\/wp\/v2\/comments?post=1308"}],"version-history":[{"count":0,"href":"https:\/\/apruebame.com\/es\/wp-json\/wp\/v2\/pages\/1308\/revisions"}],"wp:attachment":[{"href":"https:\/\/apruebame.com\/es\/wp-json\/wp\/v2\/media?parent=1308"}],"curies":[{"name":"wp","href":"https:\/\/api.w.org\/{rel}","templated":true}]}}