{"id":215,"date":"2017-12-27T09:02:07","date_gmt":"2017-12-27T09:02:07","guid":{"rendered":"http:\/\/aprebaume.nibirulite.com\/home-page\/"},"modified":"2018-08-28T11:38:32","modified_gmt":"2018-08-28T11:38:32","slug":"home-page","status":"publish","type":"page","link":"https:\/\/apruebame.com\/es\/","title":{"rendered":"P\u00e1gina de inicio"},"content":{"rendered":"<div class=\"team-services\">\n<ul class=\"nav\">\n<li class=\" search-list-class\"><a href=\"https:\/\/apruebame.com\/user-survey\/?service_type=home_loans\" rel=\"noopener\">Pr\u00e9stamos para vivienda<\/a><\/li>\n<li class=\"search-list-class\"><a href=\"https:\/\/apruebame.com\/user-survey\/?service_type=auto_loans\" rel=\"noopener\">Pr\u00e9stamos para autom\u00f3viles<\/a><\/li>\n<li class=\"search-list-class\"><a href=\"https:\/\/apruebame.com\/user-survey\/?service_type=personal_loans\" rel=\"noopener\">Pr\u00e9stamos personales<\/a><\/li>\n<li class=\"search-list-class\"><a href=\"https:\/\/apruebame.com\/user-survey\/?service_type=business_loans\" \n    rel=\"noopener\">Pr\u00e9stamos Comerciales<\/a><\/li>\n<li class=\"search-list-class\"><a href=\"https:\/\/apruebame.com\/credit-cards\/\" rel=\"noopener\">Tarjetas de cr\u00e9dito<\/a><\/li>\n<li class=\"search-list-class\"><a href=\"https:\/\/apruebame.com\/user-survey\/?service_type=insurance\" rel=\"noopener\">Seguros<\/a><\/li>\n<\/ul>\n<\/div>\n","protected":false},"excerpt":{"rendered":"<p>Pr\u00e9stamos para vivienda Pr\u00e9stamos para autom\u00f3viles Pr\u00e9stamos personales Pr\u00e9stamos Comerciales Tarjetas de cr\u00e9dito Seguros<\/p>\n","protected":false},"author":1,"featured_media":0,"parent":0,"menu_order":0,"comment_status":"closed","ping_status":"closed","template":"front-page.php","meta":{"footnotes":""},"acf":[],"aioseo_notices":[],"_links":{"self":[{"href":"https:\/\/apruebame.com\/es\/wp-json\/wp\/v2\/pages\/215"}],"collection":[{"href":"https:\/\/apruebame.com\/es\/wp-json\/wp\/v2\/pages"}],"about":[{"href":"https:\/\/apruebame.com\/es\/wp-json\/wp\/v2\/types\/page"}],"author":[{"embeddable":true,"href":"https:\/\/apruebame.com\/es\/wp-json\/wp\/v2\/users\/1"}],"replies":[{"embeddable":true,"href":"https:\/\/apruebame.com\/es\/wp-json\/wp\/v2\/comments?post=215"}],"version-history":[{"count":0,"href":"https:\/\/apruebame.com\/es\/wp-json\/wp\/v2\/pages\/215\/revisions"}],"wp:attachment":[{"href":"https:\/\/apruebame.com\/es\/wp-json\/wp\/v2\/media?parent=215"}],"curies":[{"name":"wp","href":"https:\/\/api.w.org\/{rel}","templated":true}]}}