{"id":2502,"date":"2018-06-27T10:45:17","date_gmt":"2018-06-27T10:45:17","guid":{"rendered":"http:\/\/aprebaume.nibirulite.com\/?page_id=2502"},"modified":"2018-09-18T04:51:45","modified_gmt":"2018-09-18T04:51:45","slug":"privacy-policy","status":"publish","type":"page","link":"https:\/\/apruebame.com\/es\/privacy-policy\/","title":{"rendered":"Pol\u00edtica de privacidad"},"content":{"rendered":"<p>APC LLC y sus subsidiarias (colectivamente, &#8220;APC&#8221;, &#8220;apruebame.com&#8221;, &#8220;nos&#8221;, &#8220;nosotros&#8221; o &#8220;nuestro&#8221;) se comprometen a mantener su confianza y confianza en lo que respecta a la privacidad y el uso de su informaci\u00f3n. Lea a continuaci\u00f3n y descubra c\u00f3mo recopilamos, protegemos, compartimos y usamos su informaci\u00f3n como parte de nuestras plataformas tecnol\u00f3gicas y de todos nuestros productos y servicios. Por &#8220;Servicios&#8221; nos referimos a cualquier solicitud de informaci\u00f3n realizada en el Sitio, como llenar formularios que se combinar\u00e1n con un proveedor, descargar herramientas, suscribirse a boletines informativos o solicitar m\u00e1s informaci\u00f3n.<br \/>\nEsta pol\u00edtica de privacidad se aplica a este sitio www.apruebame.com y a todos los sitios web que pertenecen y son operados por APC, LLC en los que se muestra esta pol\u00edtica de privacidad (dichos sitios web se denominar\u00e1n en adelante el &#8220;Sitio&#8221;, ya sea individual o colectivamente) as\u00ed como APC Business. APC, LLC y www.apruebame.com incluyen, pero no est\u00e1n necesariamente limitados al negocio realizado en el Sitio y a trav\u00e9s de las siguientes entidades, divisiones o marcas:<\/p>\n<p><a href=\"http:\/\/www.apruebame.com\"><u>www.apruebame.com<\/u><\/a><\/p>\n<p><a href=\"http:\/\/www.apruebameautos.com\"><u>www.apruebameautos.com<\/u><\/a><\/p>\n<p><a href=\"http:\/\/www.apruebamecasas.com\"><u>www.apruebamecasas.com<\/u><\/a><\/p>\n<p><a href=\"http:\/\/www.loquieronow.com\"><u>www.loquieronow.com<\/u><\/a><\/p>\n<p><a href=\"http:\/\/www.loquierohoy.com\"><u>www.loquierohoy.com<\/u><\/a><\/p>\n<p>Adem\u00e1s de esta Pol\u00edtica de privacidad, nuestros Servicios tambi\u00e9n se rigen por nuestros T\u00e9rminos de uso y cualquier otro documento al que se haga referencia en esta Pol\u00edtica de privacidad y nuestros T\u00e9rminos de uso. Estos documentos describen la informaci\u00f3n que recopilamos de usted o que usted proporciona a los Servicios y c\u00f3mo su informaci\u00f3n puede ser utilizada y divulgada por nosotros. Tambi\u00e9n describen las opciones disponibles para usted con respecto a nuestro uso de su informaci\u00f3n y c\u00f3mo puede acceder y actualizar su informaci\u00f3n. Lea atentamente esta Pol\u00edtica de privacidad y los T\u00e9rminos de uso.<\/p>\n<ol>\n<li>Informaci\u00f3n que recopilamos y recibimos sobre usted<\/li>\n<li>Informaci\u00f3n de identificaci\u00f3n personal: Recopilamos informaci\u00f3n de identificaci\u00f3n personal que puede identificarlo como su nombre, direcci\u00f3n, n\u00famero de tel\u00e9fono, n\u00famero de m\u00f3vil, fecha de nacimiento, direcci\u00f3n de correo electr\u00f3nico, los \u00faltimos 4 de su n\u00famero de seguro social (colectivamente, &#8220;Informaci\u00f3n de identificaci\u00f3n personal&#8221; o &#8221; PII &#8220;). PII tambi\u00e9n podr\u00eda ser informaci\u00f3n que usted proporciona a terceros, como co-prestatarios.<\/li>\n<li>\u00a0Informaci\u00f3n de identificaci\u00f3n no personal: tambi\u00e9n recopilamos informaci\u00f3n como datos demogr\u00e1ficos, datos sobre su actividad en l\u00ednea, preferencia de dispositivo y otra informaci\u00f3n que no podr\u00eda ser utilizada para identificarlo (colectivamente, &#8220;Informaci\u00f3n de identificaci\u00f3n no personal&#8221; o &#8220;NPII&#8221;) . Podemos recopilar informaci\u00f3n demogr\u00e1fica sobre usted, como sexo, c\u00f3digo postal y fecha de nacimiento, e informaci\u00f3n sobre sus preferencias y uso. Este tipo de informaci\u00f3n no es, en s\u00ed misma, informaci\u00f3n de identificaci\u00f3n personal. Sin embargo, si vinculamos dicha informaci\u00f3n con la informaci\u00f3n de identificaci\u00f3n personal de una manera que identifica a un individuo en particular, entonces trataremos toda esa informaci\u00f3n como informaci\u00f3n de identificaci\u00f3n personal para los fines de esta Pol\u00edtica de Privacidad.<\/li>\n<li>\u00a0\u00a0\u00a0Informaci\u00f3n: PII y NPII se conocen juntos como &#8220;Informaci\u00f3n&#8221;.<\/li>\n<\/ol>\n<p>C\u00f3mo recopilamos informaci\u00f3n<\/p>\n<ol>\n<li>Informaci\u00f3n proporcionada por usted: la informaci\u00f3n se recopila de usted cuando ingresa informaci\u00f3n relacionada con una consulta sobre nuestros &#8220;servicios&#8221;. cuando se registra para recibir boletines u otros materiales, cuando nos proporciona informaci\u00f3n a trav\u00e9s de una aplicaci\u00f3n, servicio o sitio web de un tercero, cuando se comunica con nosotros o solicita informaci\u00f3n sobre nosotros o nuestros servicios, ya sea por correo electr\u00f3nico o por otros medios. cuando participa en alguna de nuestras iniciativas de marketing, incluidos concursos, eventos o promociones, cuando participa en encuestas en l\u00ednea; y cuando participa en foros o proporciona contenido o presentaciones generadas por el usuario. Esta informaci\u00f3n se puede proporcionar a trav\u00e9s de un formulario en l\u00ednea, por tel\u00e9fono o por otros medios en los que interact\u00faa con nuestros servicios, sitios u otras plataformas.<\/li>\n<li>Informaci\u00f3n de los proveedores de servicios: la informaci\u00f3n se recopila de terceros proveedores de servicios, como agencias de informes crediticios y proveedores de servicios que pueden tener datos sobre su perfil financiero, su hogar u otra informaci\u00f3n demogr\u00e1fica.<\/li>\n<\/ol>\n<p>Informaci\u00f3n proveniente de terceros<\/p>\n<p>Podemos recopilar informaci\u00f3n sobre usted de fuentes distintas a usted, como por ejemplo de sitios web de medios sociales (es decir, Facebook, LinkedIn, Twitter u otros), blogs, otros usuarios y nuestros socios comerciales.<\/p>\n<ol>\n<li>Informaci\u00f3n de cookies y otras tecnolog\u00edas de seguimiento: al igual que muchos sitios web, utilizamos cookies, balizas web y tecnolog\u00edas similares para registrar sus preferencias, rastrear el uso de nuestro sitio y recopilar informaci\u00f3n. Esta informaci\u00f3n puede incluir direcciones de protocolo de Internet (IP), tipo de navegador, proveedor de servicios de Internet (ISP), p\u00e1ginas de referencia \/ salida, sistema operativo, sello de fecha \/ hora y \/ o datos de secuencia de clics. Podemos combinar esta informaci\u00f3n de registro recopilada autom\u00e1ticamente con otra informaci\u00f3n que recopilamos sobre usted. T\u00fa puede optar por configurar su navegador web para rechazar las cookies, o para avisarle cuando se env\u00eden las cookies. Si lo hace, tenga en cuenta que algunas partes de nuestro sitio pueden no funcionar correctamente.<\/li>\n<\/ol>\n<p>C\u00f3mo utilizamos la informaci\u00f3n<\/p>\n<ol>\n<li>En general: podemos utilizar la informaci\u00f3n para: Entregar los productos y servicios que solicit\u00f3, mejora el servicio al cliente, mejora nuestro sitio, personaliza tu experiencia de usuario, comun\u00edcarse con usted acerca de productos o servicios que pueden ser de su inter\u00e9s, administrar nuestro negocio<\/li>\n<\/ol>\n<p>Informaci\u00f3n del dispositivo utilizado<\/p>\n<ol>\n<li>Cuando utiliza nuestros Servicios a trav\u00e9s de su computadora, tel\u00e9fono m\u00f3vil u otro dispositivo, podemos recopilar informaci\u00f3n relacionada con su dispositivo, como modelos de hardware e ID, tipo de dispositivo, versi\u00f3n del sistema operativo, tipo de solicitud, contenido de su solicitud y informaci\u00f3n de uso b\u00e1sico sobre su uso de nuestros Servicios, como la fecha y la hora. Adem\u00e1s, podemos recopilar informaci\u00f3n sobre eventos a nivel de aplicaci\u00f3n y asociar eso con su cuenta para proporcionar servicio al cliente. Tambi\u00e9n podemos recopilar y almacenar informaci\u00f3n localmente en su dispositivo usando mecanismos tales como el almacenamiento web del navegador y las cach\u00e9s de datos de la aplicaci\u00f3n.<\/li>\n<\/ol>\n<p>\u00bfCon qui\u00e9n compartimos su informaci\u00f3n?<\/p>\n<ol>\n<li>Negocio de APC: podemos compartir su informaci\u00f3n con el negocio de APC.<\/li>\n<li>Socios de la red: al enviar una consulta para un producto de pr\u00e9stamo u otro servicio proporcionado a trav\u00e9s de este sitio web, usted acepta que APC, LLC pueda compartir su informaci\u00f3n con prestamistas y otros terceros que brinden servicios a nuestros consumidores (incluidos, por ejemplo, agentes inmobiliarios , compa\u00f1\u00edas de alivio de deuda, concesionarios de autom\u00f3viles) en nuestra red (colectivamente, &#8220;Socios de red&#8221;) para entregar los productos y servicios que usted solicit\u00f3. TENGA EN CUENTA que los Socios de la red con los que tiene correspondencia pueden conservar o utilizar su Informaci\u00f3n, independientemente de si usa o no sus servicios. Debe ponerse en contacto con estos socios de la red directamente con respecto a sus pr\u00e1cticas de privacidad e intercambio de informaci\u00f3n.<\/li>\n<li>Vendedores de APC: podemos compartir su informaci\u00f3n con proveedores que realicen ciertos servicios en nuestro nombre (&#8220;proveedores de APC&#8221;) que incluyen, entre otros, agencias de informes crediticios, socios de marketing o entidades que brindan an\u00e1lisis de negocios y \/ o soporte de producto o sitio web.<\/li>\n<li>Otras situaciones: tambi\u00e9n podemos divulgar su informaci\u00f3n a nuestra entera discreci\u00f3n:<\/li>\n<li>En respuesta a una citaci\u00f3n o solicitud de investigaci\u00f3n similar, una orden judicial, una solicitud de cooperaci\u00f3n de una agencia de aplicaci\u00f3n de la ley, un organismo de autorregulaci\u00f3n u otra agencia gubernamental; para establecer o ejercer nuestros derechos legales; para defenderse contra reclamos legales; o como razonablemente creemos que es requerido por la ley. En tales casos, podemos levantar o renunciar a cualquier objeci\u00f3n legal o derecho disponible para nosotros.<\/li>\n<li>Cuando creemos que la divulgaci\u00f3n es apropiada para investigar, prevenir o tomar medidas con respecto a actividades ilegales reales o sospechosas u otras irregularidades; para proteger y defender los derechos, la propiedad o la seguridad de APC Business, nuestros usuarios, nuestros empleados u otros; o para hacer cumplir los t\u00e9rminos y condiciones de nuestro sitio u otros acuerdos o pol\u00edticas.<\/li>\n<\/ol>\n<p>iii. En relaci\u00f3n con una transacci\u00f3n corporativa sustancial que involucre a APC LLC, como una venta de APC o cualquier entidad, marca o divisi\u00f3n de la misma, una desinversi\u00f3n, fusi\u00f3n, consolidaci\u00f3n, venta de activos o quiebra.<\/p>\n<ol>\n<li>En relaci\u00f3n con los requisitos de licencia estatales y \/ o federales con respecto al informe de la informaci\u00f3n contenida en las consultas de pr\u00e9stamo que recibimos de usted. Usted autoriza a APC, LLC a obtener toda la informaci\u00f3n requerida de los Socios de la red con los que se hizo coincidir para que APC cumpla con las leyes y reglamentaciones vigentes, as\u00ed como con cualquier solicitud de los reguladores estatales o federales. Esta informaci\u00f3n podr\u00eda incluir, entre otros, el pr\u00e9stamo que seleccion\u00f3 y los t\u00e9rminos del pr\u00e9stamo que seleccion\u00f3.<\/li>\n<\/ol>\n<p>Podemos compartir informaci\u00f3n no personalmente identificable con terceros a nuestro criterio.<\/p>\n<p>Darse de baja<\/p>\n<ol>\n<li>Darse de baja: si en alg\u00fan momento no desea recibir comunicaciones de APC LLC. Puede enviar un correo electr\u00f3nico a support@apruebame.com para darse de baja. Puede haber un enlace de cancelaci\u00f3n de suscripci\u00f3n en la parte inferior de los correos electr\u00f3nicos enviados por APC Business.<\/li>\n<li>Publicidad en sitios de terceros: podemos usar tecnolog\u00eda de seguimiento de terceros. Esta tecnolog\u00eda le permite publicidades dirigidas desde APC, LLC.<\/li>\n<\/ol>\n<p>Actualizaci\u00f3n y acceso a su informaci\u00f3n<\/p>\n<ol>\n<li>El (los) m\u00e9todo (s) apropiado (s) para acceder a su Informaci\u00f3n, de existir, depender\u00e1 de qu\u00e9 Sitio o servicios haya utilizado. Dependiendo del sitio o servicio respectivo, puede tener la capacidad de ver o editar parte de su informaci\u00f3n en l\u00ednea. Si ha presentado una solicitud de ajuste de pr\u00e9stamo con un Negocio de APC, puede actualizar su informaci\u00f3n personal poni\u00e9ndose en contacto con nuestro Departamento de Atenci\u00f3n al Cliente en support@apruebame.com<\/li>\n<\/ol>\n<p>C\u00f3mo protegemos su informaci\u00f3n<\/p>\n<ol>\n<li>Tomamos lo que creemos que son medidas de seguridad est\u00e1ndares (que incluyen medidas f\u00edsicas, electr\u00f3nicas y de procedimiento) para ayudar a proteger su informaci\u00f3n del acceso y la divulgaci\u00f3n no autorizada. Ning\u00fan sistema puede ser completamente seguro. Por lo tanto, aunque tomamos medidas para proteger su informaci\u00f3n, no podemos garantizar que su informaci\u00f3n, b\u00fasquedas u otras comunicaciones siempre permanezcan seguras. No nos hacemos responsables por cualquier tipo de perdida de informaci\u00f3n causada por terceros o ataques cibern\u00e9ticos.<\/li>\n<\/ol>\n<p>Cambios a esta pol\u00edtica de privacidad<\/p>\n<p>APC, LLC tiene la discreci\u00f3n de actualizar esta pol\u00edtica de privacidad en cualquier momento. Cuando lo hagamos, revisaremos la fecha al pie de esta p\u00e1gina. Le recomendamos que consulte con frecuencia esta p\u00e1gina para ver cualquier cambio para mantenerse informado sobre c\u00f3mo estamos ayudando a proteger la informaci\u00f3n que recopilamos. Usted reconoce y acepta que es su responsabilidad revisar esta pol\u00edtica de privacidad peri\u00f3dicamente y conocer las modificaciones.<\/p>\n<p>Visitando nuestros sitios web desde fuera de los Estados Unidos<\/p>\n<p>El Sitio se rige por las leyes de los Estados Unidos y est\u00e1 destinado \u00fanicamente para el disfrute de los residentes de los Estados Unidos. No garantizamos que el Sitio se rija por o funcione de acuerdo con las leyes de cualquier otra naci\u00f3n.<\/p>\n<p>Cumplimiento de la regla de protecci\u00f3n de la privacidad en l\u00ednea de los ni\u00f1os<\/p>\n<ol>\n<li>No recopilamos, usamos ni divulgamos a sabiendas informaci\u00f3n de identificaci\u00f3n personal de ninguna persona menor de 13 a\u00f1os. Si determinamos al momento de la recolecci\u00f3n que un usuario es menor de esta edad, no usaremos ni mantendremos su PII sin el consentimiento del padre \/ tutor. Si nos damos cuenta de que hemos recopilado PII sin saberlo de un ni\u00f1o menor de 13 a\u00f1os, haremos todos los esfuerzos razonables para eliminar dicha informaci\u00f3n de nuestros registros.<\/li>\n<\/ol>\n<p>C\u00f3mo contactarnos<\/p>\n<p>Si tiene alguna pregunta sobre esta pol\u00edtica de privacidad, las pr\u00e1cticas de cualquier empresa de APC, LLC o sus relaciones con una empresa de APC, comun\u00edquese con nosotros a support@apruebame.com<\/p>\n","protected":false},"excerpt":{"rendered":"<p>APC LLC y sus subsidiarias (colectivamente, &#8220;APC&#8221;, &#8220;apruebame.com&#8221;, &#8220;nos&#8221;, &#8220;nosotros&#8221; o &#8220;nuestro&#8221;) se comprometen a mantener su confianza y confianza en lo que respecta a la privacidad y el uso de su informaci\u00f3n. Lea a continuaci\u00f3n y descubra c\u00f3mo recopilamos, protegemos, compartimos y usamos su informaci\u00f3n como parte de nuestras plataformas tecnol\u00f3gicas y de todos &hellip; <a href=\"https:\/\/apruebame.com\/es\/privacy-policy\/\" class=\"more-link\">Continue reading<span class=\"screen-reader-text\"> &#8220;Pol\u00edtica de privacidad&#8221;<\/span><\/a><\/p>\n","protected":false},"author":1,"featured_media":0,"parent":0,"menu_order":0,"comment_status":"closed","ping_status":"closed","template":"","meta":{"footnotes":""},"acf":[],"aioseo_notices":[],"_links":{"self":[{"href":"https:\/\/apruebame.com\/es\/wp-json\/wp\/v2\/pages\/2502"}],"collection":[{"href":"https:\/\/apruebame.com\/es\/wp-json\/wp\/v2\/pages"}],"about":[{"href":"https:\/\/apruebame.com\/es\/wp-json\/wp\/v2\/types\/page"}],"author":[{"embeddable":true,"href":"https:\/\/apruebame.com\/es\/wp-json\/wp\/v2\/users\/1"}],"replies":[{"embeddable":true,"href":"https:\/\/apruebame.com\/es\/wp-json\/wp\/v2\/comments?post=2502"}],"version-history":[{"count":0,"href":"https:\/\/apruebame.com\/es\/wp-json\/wp\/v2\/pages\/2502\/revisions"}],"wp:attachment":[{"href":"https:\/\/apruebame.com\/es\/wp-json\/wp\/v2\/media?parent=2502"}],"curies":[{"name":"wp","href":"https:\/\/api.w.org\/{rel}","templated":true}]}}